{"id":34,"date":"2021-10-29T07:45:22","date_gmt":"2021-10-29T06:45:22","guid":{"rendered":"http:\/\/cancerdemama.geyseco.es\/?page_id=34"},"modified":"2021-12-16T14:08:24","modified_gmt":"2021-12-16T13:08:24","slug":"inscripcions","status":"publish","type":"page","link":"https:\/\/cancerdemama25.geyseco.es\/index.php\/inscripcions\/","title":{"rendered":"Inscripcions"},"content":{"rendered":"<p style=\"text-align: center\"><div class=\"woocommerce columns-2 \"><ul class=\"products columns-2\">\n<li class=\"woocommerce-text-align-center woocommerce-image-align-center product type-product post-36 status-publish first instock product_cat-inscripcions taxable shipping-taxable purchasable product-type-simple\">\n\t<a href=\"https:\/\/cancerdemama25.geyseco.es\/index.php\/\/producte\/inscripcio-presencial\/\" class=\"woocommerce-LoopProduct-link woocommerce-loop-product__link\"><img loading=\"lazy\" decoding=\"async\" width=\"300\" height=\"300\" src=\"https:\/\/cancerdemama25.geyseco.es\/wp-content\/uploads\/woocommerce-placeholder-300x300.png\" class=\"woocommerce-placeholder wp-post-image\" alt=\"Placeholder\" srcset=\"https:\/\/cancerdemama25.geyseco.es\/wp-content\/uploads\/woocommerce-placeholder-300x300.png 300w, https:\/\/cancerdemama25.geyseco.es\/wp-content\/uploads\/woocommerce-placeholder-100x100.png 100w, https:\/\/cancerdemama25.geyseco.es\/wp-content\/uploads\/woocommerce-placeholder-600x600.png 600w, https:\/\/cancerdemama25.geyseco.es\/wp-content\/uploads\/woocommerce-placeholder-1024x1024.png 1024w, https:\/\/cancerdemama25.geyseco.es\/wp-content\/uploads\/woocommerce-placeholder-150x150.png 150w, https:\/\/cancerdemama25.geyseco.es\/wp-content\/uploads\/woocommerce-placeholder-768x768.png 768w, https:\/\/cancerdemama25.geyseco.es\/wp-content\/uploads\/woocommerce-placeholder.png 1200w\" sizes=\"auto, (max-width: 300px) 100vw, 300px\" \/><h2 class=\"woocommerce-loop-product__title\">Inscripci\u00f3 presencial<\/h2>\n\t<span class=\"price\"><span class=\"woocommerce-Price-amount amount\"><bdi>80.00&nbsp;<span class=\"woocommerce-Price-currencySymbol\">&euro;<\/span><\/bdi><\/span> <small class=\"woocommerce-price-suffix\">IVA inc.<\/small><\/span>\n<\/a><a class=\"button wpt-custom-view-product-button\" href=\"https:\/\/cancerdemama25.geyseco.es\/index.php\/\/producte\/inscripcio-presencial\/\">Realitzar inscripci\u00f3<\/a><\/li>\n<li class=\"woocommerce-text-align-center woocommerce-image-align-center product type-product post-37 status-publish last instock product_cat-inscripcions taxable shipping-taxable purchasable product-type-simple\">\n\t<a href=\"https:\/\/cancerdemama25.geyseco.es\/index.php\/\/producte\/inscripcio-presencial-personal-parc-salut-mar\/\" class=\"woocommerce-LoopProduct-link woocommerce-loop-product__link\"><img loading=\"lazy\" decoding=\"async\" width=\"300\" height=\"300\" src=\"https:\/\/cancerdemama25.geyseco.es\/wp-content\/uploads\/woocommerce-placeholder-300x300.png\" class=\"woocommerce-placeholder wp-post-image\" alt=\"Placeholder\" srcset=\"https:\/\/cancerdemama25.geyseco.es\/wp-content\/uploads\/woocommerce-placeholder-300x300.png 300w, https:\/\/cancerdemama25.geyseco.es\/wp-content\/uploads\/woocommerce-placeholder-100x100.png 100w, https:\/\/cancerdemama25.geyseco.es\/wp-content\/uploads\/woocommerce-placeholder-600x600.png 600w, https:\/\/cancerdemama25.geyseco.es\/wp-content\/uploads\/woocommerce-placeholder-1024x1024.png 1024w, https:\/\/cancerdemama25.geyseco.es\/wp-content\/uploads\/woocommerce-placeholder-150x150.png 150w, https:\/\/cancerdemama25.geyseco.es\/wp-content\/uploads\/woocommerce-placeholder-768x768.png 768w, https:\/\/cancerdemama25.geyseco.es\/wp-content\/uploads\/woocommerce-placeholder.png 1200w\" sizes=\"auto, (max-width: 300px) 100vw, 300px\" \/><h2 class=\"woocommerce-loop-product__title\">Inscripci\u00f3 presencial personal Parc Salut Mar<\/h2>\n\t<span class=\"price\"><span class=\"woocommerce-Price-amount amount\"><bdi>50.00&nbsp;<span class=\"woocommerce-Price-currencySymbol\">&euro;<\/span><\/bdi><\/span> <small class=\"woocommerce-price-suffix\">IVA inc.<\/small><\/span>\n<\/a><a class=\"button wpt-custom-view-product-button\" href=\"https:\/\/cancerdemama25.geyseco.es\/index.php\/\/producte\/inscripcio-presencial-personal-parc-salut-mar\/\">Realitzar inscripci\u00f3<\/a><\/li>\n<li class=\"woocommerce-text-align-center woocommerce-image-align-center product type-product post-338 status-publish first instock product_cat-inscripcions taxable shipping-taxable purchasable product-type-simple\">\n\t<a href=\"https:\/\/cancerdemama25.geyseco.es\/index.php\/\/producte\/inscripcio-virtual\/\" class=\"woocommerce-LoopProduct-link woocommerce-loop-product__link\"><img loading=\"lazy\" decoding=\"async\" width=\"300\" height=\"300\" src=\"https:\/\/cancerdemama25.geyseco.es\/wp-content\/uploads\/woocommerce-placeholder-300x300.png\" class=\"woocommerce-placeholder wp-post-image\" alt=\"Placeholder\" srcset=\"https:\/\/cancerdemama25.geyseco.es\/wp-content\/uploads\/woocommerce-placeholder-300x300.png 300w, https:\/\/cancerdemama25.geyseco.es\/wp-content\/uploads\/woocommerce-placeholder-100x100.png 100w, https:\/\/cancerdemama25.geyseco.es\/wp-content\/uploads\/woocommerce-placeholder-600x600.png 600w, https:\/\/cancerdemama25.geyseco.es\/wp-content\/uploads\/woocommerce-placeholder-1024x1024.png 1024w, https:\/\/cancerdemama25.geyseco.es\/wp-content\/uploads\/woocommerce-placeholder-150x150.png 150w, https:\/\/cancerdemama25.geyseco.es\/wp-content\/uploads\/woocommerce-placeholder-768x768.png 768w, https:\/\/cancerdemama25.geyseco.es\/wp-content\/uploads\/woocommerce-placeholder.png 1200w\" sizes=\"auto, (max-width: 300px) 100vw, 300px\" \/><h2 class=\"woocommerce-loop-product__title\">Inscripci\u00f3 Virtual<\/h2>\n\t<span class=\"price\"><span class=\"woocommerce-Price-amount amount\"><bdi>80.00&nbsp;<span class=\"woocommerce-Price-currencySymbol\">&euro;<\/span><\/bdi><\/span> <small class=\"woocommerce-price-suffix\">IVA inc.<\/small><\/span>\n<\/a><a class=\"button wpt-custom-view-product-button\" href=\"https:\/\/cancerdemama25.geyseco.es\/index.php\/\/producte\/inscripcio-virtual\/\">Realitzar inscripci\u00f3<\/a><\/li>\n<li class=\"woocommerce-text-align-center woocommerce-image-align-center product type-product post-337 status-publish last instock product_cat-inscripcions taxable shipping-taxable purchasable product-type-simple\">\n\t<a href=\"https:\/\/cancerdemama25.geyseco.es\/index.php\/\/producte\/inscripcio-virtual-personal-parc-salut-mar\/\" class=\"woocommerce-LoopProduct-link woocommerce-loop-product__link\"><img loading=\"lazy\" decoding=\"async\" width=\"300\" height=\"300\" src=\"https:\/\/cancerdemama25.geyseco.es\/wp-content\/uploads\/woocommerce-placeholder-300x300.png\" class=\"woocommerce-placeholder wp-post-image\" alt=\"Placeholder\" srcset=\"https:\/\/cancerdemama25.geyseco.es\/wp-content\/uploads\/woocommerce-placeholder-300x300.png 300w, https:\/\/cancerdemama25.geyseco.es\/wp-content\/uploads\/woocommerce-placeholder-100x100.png 100w, https:\/\/cancerdemama25.geyseco.es\/wp-content\/uploads\/woocommerce-placeholder-600x600.png 600w, https:\/\/cancerdemama25.geyseco.es\/wp-content\/uploads\/woocommerce-placeholder-1024x1024.png 1024w, https:\/\/cancerdemama25.geyseco.es\/wp-content\/uploads\/woocommerce-placeholder-150x150.png 150w, https:\/\/cancerdemama25.geyseco.es\/wp-content\/uploads\/woocommerce-placeholder-768x768.png 768w, https:\/\/cancerdemama25.geyseco.es\/wp-content\/uploads\/woocommerce-placeholder.png 1200w\" sizes=\"auto, (max-width: 300px) 100vw, 300px\" \/><h2 class=\"woocommerce-loop-product__title\">Inscripci\u00f3 Virtual personal Parc Salut Mar<\/h2>\n\t<span class=\"price\"><span class=\"woocommerce-Price-amount amount\"><bdi>50.00&nbsp;<span class=\"woocommerce-Price-currencySymbol\">&euro;<\/span><\/bdi><\/span> <small class=\"woocommerce-price-suffix\">IVA inc.<\/small><\/span>\n<\/a><a class=\"button wpt-custom-view-product-button\" href=\"https:\/\/cancerdemama25.geyseco.es\/index.php\/\/producte\/inscripcio-virtual-personal-parc-salut-mar\/\">Realitzar inscripci\u00f3<\/a><\/li>\n<\/ul>\n<\/div><\/p>\n\n\n<div class=\"wp-block-columns is-layout-flex wp-container-core-columns-is-layout-9d6595d7 wp-block-columns-is-layout-flex\">\n<div class=\"wp-block-column is-layout-flow wp-block-column-is-layout-flow\">\n<div class=\"ataCistella\"><a href=\"\/index.php\/carrito\/\" class=\"ataButton\">Veure cistella<\/a><\/div>\n<\/div>\n<\/div>\n\n\n\n<p class=\"ataCancelacions\"><strong>CANCEL\u00b7LACIONS<\/strong><br><br>Abans de l&#8217;1 de gener, es retindr\u00e0 el 50% de l&#8217;import abonat. A partir de l&#8217;1 de gener es retindr\u00e0 el 100% de l&#8217;import.<br><br>Totes les cancel\u00b7lacions han de ser enviades a la Secretaria T\u00e8cnica per escrit. El reemborsament dels serveis cancel\u00b7lats es realitzar\u00e0 una vegada finalitzada la jornada.<br><br>Si la situaci\u00f3 sanit\u00e0ria no permet\u00e9s la realitzaci\u00f3 de la Jornada en format presencial i aquesta es realitz\u00e9s en format en l\u00ednia; en cas de cancel\u00b7laci\u00f3 de la inscripci\u00f3 per canvi de format, es retindria un 50% en concepte de despeses de gesti\u00f3.<br><br>L&#8217;organitzaci\u00f3 no es fa responsable de la possible cancel\u00b7laci\u00f3 o canvi de data de l&#8217;esdeveniment produ\u00efts per una causa de for\u00e7a major, aliena a la voluntat de l&#8217;organitzador. En aquests casos, no es reemborsar\u00e0 l&#8217;import abonat.<\/p>\n","protected":false},"excerpt":{"rendered":"<p>Veure cistella CANCEL\u00b7LACIONS Abans de l&#8217;1 de gener, es retindr\u00e0 el 50% de l&#8217;import abonat. A partir de l&#8217;1 de gener es retindr\u00e0 el 100% de l&#8217;import. Totes les cancel\u00b7lacions han de ser enviades a la Secretaria T\u00e8cnica per escrit. El reemborsament dels serveis cancel\u00b7lats es realitzar\u00e0 una vegada finalitzada la jornada. Si la situaci\u00f3 &#8230; <a title=\"Inscripcions\" class=\"read-more\" href=\"https:\/\/cancerdemama25.geyseco.es\/index.php\/inscripcions\/\" aria-label=\"M\u00e9s sobre Inscripcions\">Llegiu m\u00e9s<\/a><\/p>\n","protected":false},"author":1,"featured_media":0,"parent":0,"menu_order":0,"comment_status":"closed","ping_status":"closed","template":"","meta":{"footnotes":""},"class_list":["post-34","page","type-page","status-publish"],"_links":{"self":[{"href":"https:\/\/cancerdemama25.geyseco.es\/index.php\/wp-json\/wp\/v2\/pages\/34","targetHints":{"allow":["GET"]}}],"collection":[{"href":"https:\/\/cancerdemama25.geyseco.es\/index.php\/wp-json\/wp\/v2\/pages"}],"about":[{"href":"https:\/\/cancerdemama25.geyseco.es\/index.php\/wp-json\/wp\/v2\/types\/page"}],"author":[{"embeddable":true,"href":"https:\/\/cancerdemama25.geyseco.es\/index.php\/wp-json\/wp\/v2\/users\/1"}],"replies":[{"embeddable":true,"href":"https:\/\/cancerdemama25.geyseco.es\/index.php\/wp-json\/wp\/v2\/comments?post=34"}],"version-history":[{"count":12,"href":"https:\/\/cancerdemama25.geyseco.es\/index.php\/wp-json\/wp\/v2\/pages\/34\/revisions"}],"predecessor-version":[{"id":371,"href":"https:\/\/cancerdemama25.geyseco.es\/index.php\/wp-json\/wp\/v2\/pages\/34\/revisions\/371"}],"wp:attachment":[{"href":"https:\/\/cancerdemama25.geyseco.es\/index.php\/wp-json\/wp\/v2\/media?parent=34"}],"curies":[{"name":"wp","href":"https:\/\/api.w.org\/{rel}","templated":true}]}}